{"id":423,"date":"2024-05-14T10:51:54","date_gmt":"2024-05-14T08:51:54","guid":{"rendered":"https:\/\/independent-federation.ch\/prinzipien\/"},"modified":"2024-06-11T19:10:14","modified_gmt":"2024-06-11T17:10:14","slug":"prinzipien","status":"publish","type":"page","link":"https:\/\/independent-federation.ch\/de\/foederation\/prinzipien\/","title":{"rendered":"Prinzipien"},"content":{"rendered":"\t\t<div data-elementor-type=\"wp-page\" data-elementor-id=\"423\" class=\"elementor elementor-423 elementor-13\" data-elementor-post-type=\"page\">\n\t\t\t\t<div class=\"elementor-element elementor-element-2b22c62c e-flex e-con-boxed e-con e-parent\" data-id=\"2b22c62c\" data-element_type=\"container\">\n\t\t\t\t\t<div class=\"e-con-inner\">\n\t\t\t\t<div class=\"elementor-element elementor-element-72f7f039 elementor-widget elementor-widget-text-editor\" data-id=\"72f7f039\" data-element_type=\"widget\" data-widget_type=\"text-editor.default\">\n\t\t\t\t<div class=\"elementor-widget-container\">\n\t\t\t\t\t\t\t\t\t<p><\/p>\n<p><strong>Unsere Prinzipien sind einfach: <\/strong><\/p>\n<p><\/p>\n<p><\/p>\n<ul>\n<li style=\"list-style-type: none;\">\n<ul><\/ul>\n<\/li>\n<\/ul>\n<p> <\/p>\n<ul>\n<li style=\"list-style-type: none;\">\n<ul>\n<li><b>Einigkeit macht stark<\/b>, Zersplitterung f\u00fchrt zu Unsichtbarkeit und mangelnder Repr\u00e4sentativit\u00e4t.  <\/li>\n<\/ul>\n<\/li>\n<\/ul>\n<p><\/p>\n<p><\/p>\n<ul>\n<li style=\"list-style-type: none;\">\n<ul>\n<li><b>Je<\/b> mehr Mitglieder wir in unserem Berufsverband haben, <b>desto sichtbarer sind wir<\/b> und desto mehr Einfluss k\u00f6nnen wir in der wirtschaftlichen, gesellschaftlichen und b\u00fcrgerlichen Umgebung aus\u00fcben.  <\/li>\n<\/ul>\n<\/li>\n<\/ul>\n<p><\/p>\n<p><\/p>\n<ul>\n<li style=\"list-style-type: none;\">\n<ul>\n<li>Jeder zus\u00e4tzliche Beitragszahler unseres Berufsverbandes bringt <b>die Sache der Selbst\u00e4ndigen<\/b> in der Schweizerischen Eidgenossenschaft ein <b>wenig voran<\/b>.<\/li>\n<\/ul>\n<\/li>\n<\/ul>\n<p><\/p>\n<p><\/p>\t\t\t\t\t\t\t\t<\/div>\n\t\t\t\t<\/div>\n\t\t\t\t\t<\/div>\n\t\t\t\t<\/div>\n\t\t<div class=\"elementor-element elementor-element-feaf728 e-flex e-con-boxed e-con e-parent\" data-id=\"feaf728\" data-element_type=\"container\">\n\t\t\t\t\t<div class=\"e-con-inner\">\n\t\t\t\t<div class=\"elementor-element elementor-element-f10771e elementor-widget elementor-widget-image\" data-id=\"f10771e\" data-element_type=\"widget\" data-widget_type=\"image.default\">\n\t\t\t\t<div class=\"elementor-widget-container\">\n\t\t\t\t\t\t\t\t\t\t\t\t\t\t\t<img fetchpriority=\"high\" decoding=\"async\" width=\"800\" height=\"454\" src=\"https:\/\/independent-federation.ch\/wp-content\/uploads\/2024\/06\/image-94-1-1024x581.png\" class=\"attachment-large size-large wp-image-704\" alt=\"\" srcset=\"https:\/\/independent-federation.ch\/wp-content\/uploads\/2024\/06\/image-94-1-1024x581.png 1024w, https:\/\/independent-federation.ch\/wp-content\/uploads\/2024\/06\/image-94-1-300x170.png 300w, https:\/\/independent-federation.ch\/wp-content\/uploads\/2024\/06\/image-94-1-768x436.png 768w, https:\/\/independent-federation.ch\/wp-content\/uploads\/2024\/06\/image-94-1.png 1501w\" sizes=\"(max-width: 800px) 100vw, 800px\" \/>\t\t\t\t\t\t\t\t\t\t\t\t\t\t\t<\/div>\n\t\t\t\t<\/div>\n\t\t\t\t\t<\/div>\n\t\t\t\t<\/div>\n\t\t\t\t<\/div>\n\t\t","protected":false},"excerpt":{"rendered":"<p>Unsere Prinzipien sind einfach: Einigkeit macht stark, Zersplitterung f\u00fchrt zu Unsichtbarkeit und mangelnder Repr\u00e4sentativit\u00e4t. Je mehr Mitglieder wir in unserem Berufsverband haben, desto sichtbarer sind wir und desto mehr Einfluss k\u00f6nnen wir in der wirtschaftlichen, gesellschaftlichen und b\u00fcrgerlichen Umgebung aus\u00fcben. Jeder zus\u00e4tzliche Beitragszahler unseres Berufsverbandes bringt die Sache der Selbst\u00e4ndigen in der Schweizerischen Eidgenossenschaft ein [&hellip;]<\/p>\n","protected":false},"author":1,"featured_media":0,"parent":577,"menu_order":0,"comment_status":"closed","ping_status":"closed","template":"","meta":{"_acf_changed":false,"footnotes":""},"class_list":["post-423","page","type-page","status-publish","hentry"],"acf":[],"_links":{"self":[{"href":"https:\/\/independent-federation.ch\/de\/wp-json\/wp\/v2\/pages\/423","targetHints":{"allow":["GET"]}}],"collection":[{"href":"https:\/\/independent-federation.ch\/de\/wp-json\/wp\/v2\/pages"}],"about":[{"href":"https:\/\/independent-federation.ch\/de\/wp-json\/wp\/v2\/types\/page"}],"author":[{"embeddable":true,"href":"https:\/\/independent-federation.ch\/de\/wp-json\/wp\/v2\/users\/1"}],"replies":[{"embeddable":true,"href":"https:\/\/independent-federation.ch\/de\/wp-json\/wp\/v2\/comments?post=423"}],"version-history":[{"count":2,"href":"https:\/\/independent-federation.ch\/de\/wp-json\/wp\/v2\/pages\/423\/revisions"}],"predecessor-version":[{"id":975,"href":"https:\/\/independent-federation.ch\/de\/wp-json\/wp\/v2\/pages\/423\/revisions\/975"}],"up":[{"embeddable":true,"href":"https:\/\/independent-federation.ch\/de\/wp-json\/wp\/v2\/pages\/577"}],"wp:attachment":[{"href":"https:\/\/independent-federation.ch\/de\/wp-json\/wp\/v2\/media?parent=423"}],"curies":[{"name":"wp","href":"https:\/\/api.w.org\/{rel}","templated":true}]}}