{"id":429,"date":"2024-05-14T10:52:05","date_gmt":"2024-05-14T08:52:05","guid":{"rendered":"https:\/\/independent-federation.ch\/hauptziel\/"},"modified":"2024-12-03T16:13:34","modified_gmt":"2024-12-03T15:13:34","slug":"objectifs","status":"publish","type":"page","link":"https:\/\/independent-federation.ch\/de\/foederation\/objectifs\/","title":{"rendered":"Hauptziel"},"content":{"rendered":"\n<p>Unser Hauptziel ist es, die <strong>Repr\u00e4sentativit\u00e4t<\/strong> unabh\u00e4ngiger Berater auf Ebene der Kantone, des Bundes und aller Schweizer Wirtschaftsakteure sicherzustellen.<\/p>\n\n<p>Unsere sekund\u00e4ren Ziele sind wie folgt: <\/p>\n\n<ul class=\"wp-block-list\">\n<li><strong>das Image unseres Berufsstandes und den Status des Selbst\u00e4ndigen\/Solounternehmers <\/strong>durch eine professionelle Listung und Zertifizierung, die nach hohen Standards f\u00fcr Anforderungen und Professionalit\u00e4t vergeben wird, <strong>zu verl\u00e4sslichen <\/strong>.<\/li>\n\n\n\n<li><strong>F\u00f6rderung des Zusammenhalts in einer Gemeinschaft<\/strong> von unabh\u00e4ngigen Beratern, die gemeinsame Interessen haben und effektiv zusammenarbeiten<\/li>\n\n\n\n<li><strong>Beitrag zur Vereinfachung und Verbesserung der Einstellungs- und Arbeitsbedingungen <\/strong>f\u00fcr unabh\u00e4ngige Schweizer Berater<\/li>\n\n\n\n<li><strong>Einflussnahme auf eine positive und transparente Entwicklung der administrativen Verpflichtungen<\/strong> von Selbst\u00e4ndigen<\/li>\n<\/ul>\n\n<p>Als gemeinn\u00fctziger Berufsverband verfolgen wir keine finanziellen Ziele.<\/p>\n\n<p><style>\/*! elementor - v3.21.0 - 26-05-2024 *\/<br \/>.elementor-widget-image{text-align:center}.elementor-widget-image a{display:inline-block}.elementor-widget-image a img[src$=\".svg\"]{width:48px}.elementor-widget-image img{vertical-align:middle;display:inline-block}<\/style><\/p>\n\n<figure class=\"wp-block-image aligncenter\"><img decoding=\"async\" src=\"https:\/\/independent-federation.ch\/wp-content\/uploads\/2024\/06\/image-93-790x1024.png\" alt=\"\"\/><\/figure>\n","protected":false},"excerpt":{"rendered":"<p>Unser Hauptziel ist es, die Repr\u00e4sentativit\u00e4t unabh\u00e4ngiger Berater auf Ebene der Kantone, des Bundes und aller Schweizer Wirtschaftsakteure sicherzustellen. Unsere sekund\u00e4ren Ziele sind wie folgt: Als gemeinn\u00fctziger Berufsverband verfolgen wir keine finanziellen Ziele.<\/p>\n","protected":false},"author":1,"featured_media":0,"parent":577,"menu_order":0,"comment_status":"closed","ping_status":"closed","template":"","meta":{"_acf_changed":false,"footnotes":""},"class_list":["post-429","page","type-page","status-publish","hentry"],"acf":[],"_links":{"self":[{"href":"https:\/\/independent-federation.ch\/de\/wp-json\/wp\/v2\/pages\/429","targetHints":{"allow":["GET"]}}],"collection":[{"href":"https:\/\/independent-federation.ch\/de\/wp-json\/wp\/v2\/pages"}],"about":[{"href":"https:\/\/independent-federation.ch\/de\/wp-json\/wp\/v2\/types\/page"}],"author":[{"embeddable":true,"href":"https:\/\/independent-federation.ch\/de\/wp-json\/wp\/v2\/users\/1"}],"replies":[{"embeddable":true,"href":"https:\/\/independent-federation.ch\/de\/wp-json\/wp\/v2\/comments?post=429"}],"version-history":[{"count":3,"href":"https:\/\/independent-federation.ch\/de\/wp-json\/wp\/v2\/pages\/429\/revisions"}],"predecessor-version":[{"id":1173,"href":"https:\/\/independent-federation.ch\/de\/wp-json\/wp\/v2\/pages\/429\/revisions\/1173"}],"up":[{"embeddable":true,"href":"https:\/\/independent-federation.ch\/de\/wp-json\/wp\/v2\/pages\/577"}],"wp:attachment":[{"href":"https:\/\/independent-federation.ch\/de\/wp-json\/wp\/v2\/media?parent=429"}],"curies":[{"name":"wp","href":"https:\/\/api.w.org\/{rel}","templated":true}]}}