{"id":435,"date":"2024-05-14T10:52:20","date_gmt":"2024-05-14T08:52:20","guid":{"rendered":"https:\/\/independent-federation.ch\/statuts\/"},"modified":"2024-06-11T19:10:14","modified_gmt":"2024-06-11T17:10:14","slug":"statuts","status":"publish","type":"page","link":"https:\/\/independent-federation.ch\/de\/foederation\/statuts\/","title":{"rendered":"Status"},"content":{"rendered":"\t\t<div data-elementor-type=\"wp-page\" data-elementor-id=\"435\" class=\"elementor elementor-435 elementor-17\" data-elementor-post-type=\"page\">\n\t\t\t\t<div class=\"elementor-element elementor-element-2983e0de e-flex e-con-boxed e-con e-parent\" data-id=\"2983e0de\" data-element_type=\"container\">\n\t\t\t\t\t<div class=\"e-con-inner\">\n\t\t\t\t<div class=\"elementor-element elementor-element-4892a28b elementor-widget elementor-widget-text-editor\" data-id=\"4892a28b\" data-element_type=\"widget\" data-widget_type=\"text-editor.default\">\n\t\t\t\t<div class=\"elementor-widget-container\">\n\t\t\t\t\t\t\t\t\t\n<p>Unsere F\u00f6deration ist eine <strong>konkrete Initiative<\/strong>, um  <\/p>\n\n<ul>\n<li>die <strong>F\u00f6rderung nachhaltiger Interessen<\/strong> und die B\u00fcndelung von Aktionen, Methoden und Kommunikation zugunsten der selbst\u00e4ndigen Beraterinnen und Berater<\/li>\n\n<li><strong>unser Handeln langfristig auszurichten<\/strong>, im Streben nach allgemeinem Interesse und Gemeinwohl, im Respekt vor der Konf\u00f6deration und allen ihren wirtschaftlichen und politischen Akteuren<\/li>\n<\/ul>\n\n<p> <\/p>\n\n<div class=\"wp-block-spacer\" style=\"height: 50px;\" aria-hidden=\"true\"> <\/div>\n\n<div class=\"wp-block-file\"><object class=\"wp-block-file__embed\" style=\"width: 100%; height: 600px;\" data=\"https:\/\/independent-federation.ch\/wp-content\/uploads\/2024\/05\/Statuts-de-la-Federation-Suisse-des-Consultants-Independants.pdf\" type=\"application\/pdf\" width=\"300\" height=\"150\" aria-label=\"Statuts-de-la-Federation-Suisse-des-Consultants-Independants\"><\/object><a id=\"wp-block-file--media-b620af6e-97b5-4067-ac62-efa946391673\" href=\"https:\/\/independent-federation.ch\/wp-content\/uploads\/2024\/05\/Statuts-de-la-Federation-Suisse-des-Consultants-Independants.pdf\">Statuten der Schweizerischen Eidgenossenschaft der unabh\u00e4ngigen Konsulenten<\/a><a class=\"wp-block-file__button wp-element-button\" href=\"https:\/\/independent-federation.ch\/wp-content\/uploads\/2024\/05\/Statuts-de-la-Federation-Suisse-des-Consultants-Independants.pdf\" download=\"\" aria-describedby=\"wp-block-file--media-b620af6e-97b5-4067-ac62-efa946391673\">Download<\/a><\/div>\n\t\t\t\t\t\t\t\t<\/div>\n\t\t\t\t<\/div>\n\t\t\t\t\t<\/div>\n\t\t\t\t<\/div>\n\t\t\t\t<\/div>\n\t\t","protected":false},"excerpt":{"rendered":"<p>Unsere F\u00f6deration ist eine konkrete Initiative, um die F\u00f6rderung nachhaltiger Interessen und die B\u00fcndelung von Aktionen, Methoden und Kommunikation zugunsten der selbst\u00e4ndigen Beraterinnen und Berater unser Handeln langfristig auszurichten, im Streben nach allgemeinem Interesse und Gemeinwohl, im Respekt vor der Konf\u00f6deration und allen ihren wirtschaftlichen und politischen Akteuren Statuten der Schweizerischen Eidgenossenschaft der unabh\u00e4ngigen KonsulentenDownload<\/p>\n","protected":false},"author":1,"featured_media":0,"parent":577,"menu_order":0,"comment_status":"closed","ping_status":"closed","template":"","meta":{"_acf_changed":false,"footnotes":""},"class_list":["post-435","page","type-page","status-publish","hentry"],"acf":[],"_links":{"self":[{"href":"https:\/\/independent-federation.ch\/de\/wp-json\/wp\/v2\/pages\/435","targetHints":{"allow":["GET"]}}],"collection":[{"href":"https:\/\/independent-federation.ch\/de\/wp-json\/wp\/v2\/pages"}],"about":[{"href":"https:\/\/independent-federation.ch\/de\/wp-json\/wp\/v2\/types\/page"}],"author":[{"embeddable":true,"href":"https:\/\/independent-federation.ch\/de\/wp-json\/wp\/v2\/users\/1"}],"replies":[{"embeddable":true,"href":"https:\/\/independent-federation.ch\/de\/wp-json\/wp\/v2\/comments?post=435"}],"version-history":[{"count":4,"href":"https:\/\/independent-federation.ch\/de\/wp-json\/wp\/v2\/pages\/435\/revisions"}],"predecessor-version":[{"id":974,"href":"https:\/\/independent-federation.ch\/de\/wp-json\/wp\/v2\/pages\/435\/revisions\/974"}],"up":[{"embeddable":true,"href":"https:\/\/independent-federation.ch\/de\/wp-json\/wp\/v2\/pages\/577"}],"wp:attachment":[{"href":"https:\/\/independent-federation.ch\/de\/wp-json\/wp\/v2\/media?parent=435"}],"curies":[{"name":"wp","href":"https:\/\/api.w.org\/{rel}","templated":true}]}}