{"id":443,"date":"2024-05-14T10:52:47","date_gmt":"2024-05-14T08:52:47","guid":{"rendered":"https:\/\/independent-federation.ch\/vorteile-fuer-mitglieder\/"},"modified":"2024-12-03T21:09:22","modified_gmt":"2024-12-03T20:09:22","slug":"avantages-membres","status":"publish","type":"page","link":"https:\/\/independent-federation.ch\/de\/foederation\/avantages-membres\/","title":{"rendered":"Vorteile f\u00fcr Mitglieder"},"content":{"rendered":"\n<p>Als zahlendes Mitglied unseres Verbandes<br\/> &#8211;<strong>Dachorganisation f\u00fcr unabh\u00e4ngige Berater<\/strong> &#8211;<br\/>genie\u00dfen Sie die folgenden Vorteile:  <\/p>\n\n<ul class=\"wp-block-list\">\n<li>Die M\u00f6glichkeit, Teil eines <strong>Netzwerks<\/strong> qualifizierter und unterst\u00fctzender Fachkr\u00e4fte zu sein<\/li>\n<\/ul>\n\n<p><\/p>\n\n<ul class=\"wp-block-list\">\n<li>Ihr <strong>Eintrag<\/strong> als Mitglied auf unserer offiziellen Website<\/li>\n<\/ul>\n\n<p><\/p>\n\n<ul class=\"wp-block-list\">\n<li><strong>Pr\u00e4sentation<\/strong> Ihrer Expertise\/T\u00e4tigkeit auf unserer offiziellen Website<\/li>\n<\/ul>\n\n<p><\/p>\n\n<ul class=\"wp-block-list\">\n<li>Erhalt unserer <strong>exklusiven Einladungen<\/strong> zur Teilnahme an unseren Veranstaltungen und den Veranstaltungen unserer Partner<\/li>\n<\/ul>\n\n<p><\/p>\n\n<ul class=\"wp-block-list\">\n<li><strong>Vertretung der Interessen Ihres Berufsstandes<\/strong> gegen\u00fcber kantonalen und eidgen\u00f6ssischen Wirtschafts- und Politikakteuren<\/li>\n<\/ul>\n\n<p><\/p>\n\n<ul class=\"wp-block-list\">\n<li>Die M\u00f6glichkeit, sich mit <strong>Berufsausbildungen<\/strong> weiterzubilden, <strong>die auf die Selbst\u00e4ndigkeit ausgerichtet sind.<\/strong><\/li>\n<\/ul>\n\n<p><\/p>\n\n<ul class=\"wp-block-list\">\n<li>Die M\u00f6glichkeit, f\u00fcr Ihre selbst\u00e4ndige T\u00e4tigkeit eine f\u00fchrende <strong>Berufszertifizierung<\/strong> zu erhalten, um die Qualit\u00e4t Ihrer Praxis und die Zufriedenheit Ihrer Kunden zu bescheinigen<\/li>\n<\/ul>\n\n<p><\/p>\n\n<ul class=\"wp-block-list\">\n<li>10% Rabatt, wenn Sie die Verwaltungs-, Buchhaltungs- oder Steuerdienstleistungen des Referenz-Treuh\u00e4nders <strong>Arcanes Conseils<\/strong>, einem Vertragspartner unserer F\u00f6deration, in Anspruch nehmen m\u00f6chten.<\/li>\n<\/ul>\n\n<p><\/p>\n\n<ul class=\"wp-block-list\">\n<li>&#8230;<strong>(eine nicht ersch\u00f6pfende Liste<\/strong>, die wir st\u00e4ndig weiterentwickeln)<\/li>\n<\/ul>\n\n<figure class=\"wp-block-image size-large\"><img fetchpriority=\"high\" decoding=\"async\" width=\"1024\" height=\"545\" src=\"https:\/\/independent-federation.ch\/wp-content\/uploads\/2024\/06\/image-96-1024x545.png\" alt=\"\" class=\"wp-image-742\" srcset=\"https:\/\/independent-federation.ch\/wp-content\/uploads\/2024\/06\/image-96-1024x545.png 1024w, https:\/\/independent-federation.ch\/wp-content\/uploads\/2024\/06\/image-96-300x160.png 300w, https:\/\/independent-federation.ch\/wp-content\/uploads\/2024\/06\/image-96-768x408.png 768w, https:\/\/independent-federation.ch\/wp-content\/uploads\/2024\/06\/image-96.png 1495w\" sizes=\"(max-width: 1024px) 100vw, 1024px\" \/><\/figure>\n","protected":false},"excerpt":{"rendered":"<p>Als zahlendes Mitglied unseres Verbandes &#8211;Dachorganisation f\u00fcr unabh\u00e4ngige Berater &#8211;genie\u00dfen Sie die folgenden Vorteile:<\/p>\n","protected":false},"author":1,"featured_media":0,"parent":577,"menu_order":0,"comment_status":"closed","ping_status":"closed","template":"","meta":{"_acf_changed":false,"footnotes":""},"class_list":["post-443","page","type-page","status-publish","hentry"],"acf":[],"_links":{"self":[{"href":"https:\/\/independent-federation.ch\/de\/wp-json\/wp\/v2\/pages\/443","targetHints":{"allow":["GET"]}}],"collection":[{"href":"https:\/\/independent-federation.ch\/de\/wp-json\/wp\/v2\/pages"}],"about":[{"href":"https:\/\/independent-federation.ch\/de\/wp-json\/wp\/v2\/types\/page"}],"author":[{"embeddable":true,"href":"https:\/\/independent-federation.ch\/de\/wp-json\/wp\/v2\/users\/1"}],"replies":[{"embeddable":true,"href":"https:\/\/independent-federation.ch\/de\/wp-json\/wp\/v2\/comments?post=443"}],"version-history":[{"count":3,"href":"https:\/\/independent-federation.ch\/de\/wp-json\/wp\/v2\/pages\/443\/revisions"}],"predecessor-version":[{"id":1191,"href":"https:\/\/independent-federation.ch\/de\/wp-json\/wp\/v2\/pages\/443\/revisions\/1191"}],"up":[{"embeddable":true,"href":"https:\/\/independent-federation.ch\/de\/wp-json\/wp\/v2\/pages\/577"}],"wp:attachment":[{"href":"https:\/\/independent-federation.ch\/de\/wp-json\/wp\/v2\/media?parent=443"}],"curies":[{"name":"wp","href":"https:\/\/api.w.org\/{rel}","templated":true}]}}