{"id":573,"date":"2024-05-14T10:54:43","date_gmt":"2024-05-14T08:54:43","guid":{"rendered":"https:\/\/independent-federation.ch\/mitglieder\/"},"modified":"2024-06-25T10:47:46","modified_gmt":"2024-06-25T08:47:46","slug":"membres","status":"publish","type":"page","link":"https:\/\/independent-federation.ch\/de\/membres\/","title":{"rendered":"Mitglieder"},"content":{"rendered":"\t\t<div data-elementor-type=\"wp-page\" data-elementor-id=\"573\" class=\"elementor elementor-573 elementor-37\" data-elementor-post-type=\"page\">\n\t\t\t\t<div class=\"elementor-element elementor-element-35b5a18 e-flex e-con-boxed e-con e-parent\" data-id=\"35b5a18\" data-element_type=\"container\" data-settings=\"{&quot;background_background&quot;:&quot;classic&quot;}\">\n\t\t\t\t\t<div class=\"e-con-inner\">\n\t\t\t\t\t<\/div>\n\t\t\t\t<\/div>\n\t\t<div class=\"elementor-element elementor-element-d129ed4 e-flex e-con-boxed e-con e-parent\" data-id=\"d129ed4\" data-element_type=\"container\">\n\t\t\t\t\t<div class=\"e-con-inner\">\n\t\t\t\t<div class=\"elementor-element elementor-element-db402b8 elementor-widget elementor-widget-heading\" data-id=\"db402b8\" data-element_type=\"widget\" data-widget_type=\"heading.default\">\n\t\t\t\t<div class=\"elementor-widget-container\">\n\t\t\t\t\t<h1 class=\"elementor-heading-title elementor-size-default\">Unsere Mitglieder<\/h1>\t\t\t\t<\/div>\n\t\t\t\t<\/div>\n\t\t<div class=\"elementor-element elementor-element-6543371 e-flex e-con-boxed e-con e-child\" data-id=\"6543371\" data-element_type=\"container\">\n\t\t\t\t\t<div class=\"e-con-inner\">\n\t\t<div class=\"elementor-element elementor-element-739ce72 e-flex e-con-boxed e-con e-child\" data-id=\"739ce72\" data-element_type=\"container\">\n\t\t\t\t\t<div class=\"e-con-inner\">\n\t\t\t\t<div class=\"elementor-element elementor-element-5380443 elementor-widget elementor-widget-text-editor\" data-id=\"5380443\" data-element_type=\"widget\" data-widget_type=\"text-editor.default\">\n\t\t\t\t<div class=\"elementor-widget-container\">\n\t\t\t\t\t\t\t\t\t<p>Sie sind unsere Existenzgrundlage und unser gr\u00f6\u00dftes Wachstum!  <\/p>\n<ul>\n<li><a href=\"https:\/\/independent-federation.ch\/de\/mitglieder-kandidaten-unterstuetzer\/\" data-type=\"page\" data-id=\"400\">Mitglieder Kandidaten &amp; Unterst\u00fctzer<\/a><\/li>\n<\/ul>\n<ul>\n<li><a href=\"https:\/\/independent-federation.ch\/de\/bestaetigte-mitglieder\/\" data-type=\"page\" data-id=\"325\">Best\u00e4tigte Mitglieder<\/a><\/li>\n<\/ul>\n<ul>\n<li><a href=\"https:\/\/independent-federation.ch\/de\/zertifizierte-mitglieder\/\" data-type=\"page\" data-id=\"323\">Zertifizierte Mitglieder<\/a><\/li>\n<\/ul>\n\t\t\t\t\t\t\t\t<\/div>\n\t\t\t\t<\/div>\n\t\t\t\t\t<\/div>\n\t\t\t\t<\/div>\n\t\t<div class=\"elementor-element elementor-element-e23dc98 e-flex e-con-boxed e-con e-child\" data-id=\"e23dc98\" data-element_type=\"container\">\n\t\t\t\t\t<div class=\"e-con-inner\">\n\t\t\t\t<div class=\"elementor-element elementor-element-080b907 elementor-align-right elementor-widget elementor-widget-button\" data-id=\"080b907\" data-element_type=\"widget\" data-widget_type=\"button.default\">\n\t\t\t\t<div class=\"elementor-widget-container\">\n\t\t\t\t\t\t\t\t\t<div class=\"elementor-button-wrapper\">\n\t\t\t\t\t<a class=\"elementor-button elementor-button-link elementor-size-sm\" href=\"https:\/\/docs.google.com\/forms\/d\/e\/1FAIpQLSeTeU5aiPnat5mji4DtH5Nfgi1eOcVdeqLsfe5U1xRTRQSm2g\/viewform?usp=sf_link\" target=\"_blank\">\n\t\t\t\t\t\t<span class=\"elementor-button-content-wrapper\">\n\t\t\t\t\t\t\t\t\t<span class=\"elementor-button-text\">Ein Mitglied beauftragen<\/span>\n\t\t\t\t\t<\/span>\n\t\t\t\t\t<\/a>\n\t\t\t\t<\/div>\n\t\t\t\t\t\t\t\t<\/div>\n\t\t\t\t<\/div>\n\t\t\t\t<div class=\"elementor-element elementor-element-9d7464b elementor-align-right elementor-widget elementor-widget-button\" data-id=\"9d7464b\" data-element_type=\"widget\" data-widget_type=\"button.default\">\n\t\t\t\t<div class=\"elementor-widget-container\">\n\t\t\t\t\t\t\t\t\t<div class=\"elementor-button-wrapper\">\n\t\t\t\t\t<a class=\"elementor-button elementor-button-link elementor-size-sm\" href=\"https:\/\/docs.google.com\/forms\/d\/e\/1FAIpQLSeTeU5aiPnat5mji4DtH5Nfgi1eOcVdeqLsfe5U1xRTRQSm2g\/viewform?usp=sf_link\" target=\"_blank\">\n\t\t\t\t\t\t<span class=\"elementor-button-content-wrapper\">\n\t\t\t\t\t\t\t\t\t<span class=\"elementor-button-text\">Mitglied werden<\/span>\n\t\t\t\t\t<\/span>\n\t\t\t\t\t<\/a>\n\t\t\t\t<\/div>\n\t\t\t\t\t\t\t\t<\/div>\n\t\t\t\t<\/div>\n\t\t\t\t\t<\/div>\n\t\t\t\t<\/div>\n\t\t\t\t\t<\/div>\n\t\t\t\t<\/div>\n\t\t\t\t<div class=\"elementor-element elementor-element-2f845a6 elementor-widget elementor-widget-jet-listing-grid\" data-id=\"2f845a6\" data-element_type=\"widget\" data-settings=\"{&quot;columns&quot;:&quot;3&quot;,&quot;columns_tablet&quot;:&quot;2&quot;,&quot;columns_mobile&quot;:&quot;1&quot;}\" data-widget_type=\"jet-listing-grid.default\">\n\t\t\t\t<div class=\"elementor-widget-container\">\n\t\t\t\t\t<div class=\"jet-listing-grid jet-listing-grid--lazy-load jet-listing jet-listing-grid-loading\" data-lazy-load=\"{&quot;offset&quot;:&quot;0px&quot;,&quot;post_id&quot;:573,&quot;queried_id&quot;:&quot;573|WP_Post&quot;}\"><div class=\"jet-listing-grid__loader\"><div class=\"jet-listing-grid__loader-spinner\"><\/div><\/div><\/div>\t\t\t\t<\/div>\n\t\t\t\t<\/div>\n\t\t\t\t\t<\/div>\n\t\t\t\t<\/div>\n\t\t\t\t<\/div>\n\t\t","protected":false},"excerpt":{"rendered":"<p>Unsere Mitglieder Sie sind unsere Existenzgrundlage und unser gr\u00f6\u00dftes Wachstum! Mitglieder Kandidaten &amp; Unterst\u00fctzer Best\u00e4tigte Mitglieder Zertifizierte Mitglieder Ein Mitglied beauftragen Mitglied werden<\/p>\n","protected":false},"author":1,"featured_media":0,"parent":0,"menu_order":0,"comment_status":"closed","ping_status":"closed","template":"elementor_header_footer","meta":{"_acf_changed":false,"footnotes":""},"class_list":["post-573","page","type-page","status-publish","hentry"],"acf":[],"_links":{"self":[{"href":"https:\/\/independent-federation.ch\/de\/wp-json\/wp\/v2\/pages\/573","targetHints":{"allow":["GET"]}}],"collection":[{"href":"https:\/\/independent-federation.ch\/de\/wp-json\/wp\/v2\/pages"}],"about":[{"href":"https:\/\/independent-federation.ch\/de\/wp-json\/wp\/v2\/types\/page"}],"author":[{"embeddable":true,"href":"https:\/\/independent-federation.ch\/de\/wp-json\/wp\/v2\/users\/1"}],"replies":[{"embeddable":true,"href":"https:\/\/independent-federation.ch\/de\/wp-json\/wp\/v2\/comments?post=573"}],"version-history":[{"count":5,"href":"https:\/\/independent-federation.ch\/de\/wp-json\/wp\/v2\/pages\/573\/revisions"}],"predecessor-version":[{"id":1092,"href":"https:\/\/independent-federation.ch\/de\/wp-json\/wp\/v2\/pages\/573\/revisions\/1092"}],"wp:attachment":[{"href":"https:\/\/independent-federation.ch\/de\/wp-json\/wp\/v2\/media?parent=573"}],"curies":[{"name":"wp","href":"https:\/\/api.w.org\/{rel}","templated":true}]}}