{"id":584,"date":"2024-05-14T10:54:26","date_gmt":"2024-05-14T08:54:26","guid":{"rendered":"https:\/\/independent-federation.ch\/partner\/"},"modified":"2024-06-11T19:10:04","modified_gmt":"2024-06-11T17:10:04","slug":"partner","status":"publish","type":"page","link":"https:\/\/independent-federation.ch\/de\/partner\/","title":{"rendered":"Partner"},"content":{"rendered":"\n<p>Wenn Ihre Organisation bereits mit Selbst\u00e4ndigen zusammenarbeitet oder ihre Unterst\u00fctzung f\u00fcr Solopreneure \u00f6ffentlich zum Ausdruck bringen m\u00f6chte, sind Sie hier richtig.  <\/p>\n\n<p>Unsere F\u00f6deration unterscheidet zwei Kategorien von Partnern:<\/p>\n\n<ul class=\"wp-block-list\">\n<li>Die <strong>\n  <a href=\"https:\/\/independent-federation.ch\/de\/partner\/unterzeichner\/\" data-type=\"page\" data-id=\"25\">Unterzeichnerorganisationen <\/a>\n<\/strong>der <a href=\"https:\/\/docs.google.com\/document\/d\/1eSkxC2DMflJO01TSnxGb_9bKBuPwz5jcHy9Gbmx7ZB8\/edit?usp=sharing\">Charta &#8220;Freelance Friendly&#8221; oder der Charta des Vertrauens von Organisationen<\/a>, die <a href=\"https:\/\/docs.google.com\/document\/d\/1eSkxC2DMflJO01TSnxGb_9bKBuPwz5jcHy9Gbmx7ZB8\/edit?usp=sharing\">selbst\u00e4ndige Berater<\/a> unterst\u00fctzen, die verstanden haben, dass\n<ul class=\"wp-block-list\">\n<li><strong>Die Qualit\u00e4t ihrer Arbeitgebermarke wird auch durch externe Mitarbeiter verk\u00f6rpert <\/strong>, unabh\u00e4ngig davon, ob sie internalisiert werden oder nicht.<\/li>\n\n\n\n<li><strong>Die Zusammenarbeit mit Freiberuflern verbessert die Organisation<\/strong> durch eine gr\u00f6\u00dfere Offenheit gegen\u00fcber dem Markt, Innovationen, Best Practices in der Branche usw. Die <strong>Zusammenarbeit mit Freiberuflern ist f\u00fcr die Organisation<\/strong> von Vorteil.<\/li>\n<\/ul>\n<\/li>\n<\/ul>\n\n<p><\/p>\n\n<ul class=\"wp-block-list\">\n<li>Die <strong><a href=\"https:\/\/independent-federation.ch\/de\/partner\/unterstuetzungen\/\" data-type=\"page\" data-id=\"27\">Unterst\u00fctzende Organisationen<\/a> <\/strong>die <strong>\u00f6ffentlich ihre Unterst\u00fctzung <\/strong>f\u00fcr alle Freelancer, Solopreneure, Solubusiness, Selbst\u00e4ndige in der Schweiz bekunden und <strong>damit ihr Verst\u00e4ndnis f\u00fcr die Herausforderungen und Herausforderungen zeigen<\/strong>, denen diese wirtschaftlichen Akteure vor Ort jeden Tag gegen\u00fcberstehen!<\/li>\n<\/ul>\n\n<p><\/p>\n\n<figure class=\"wp-block-image size-large\"><img fetchpriority=\"high\" decoding=\"async\" width=\"1024\" height=\"696\" src=\"https:\/\/independent-federation.ch\/wp-content\/uploads\/2024\/06\/image-98-1024x696.png\" alt=\"\" class=\"wp-image-773\" srcset=\"https:\/\/independent-federation.ch\/wp-content\/uploads\/2024\/06\/image-98-1024x696.png 1024w, https:\/\/independent-federation.ch\/wp-content\/uploads\/2024\/06\/image-98-300x204.png 300w, https:\/\/independent-federation.ch\/wp-content\/uploads\/2024\/06\/image-98-768x522.png 768w, https:\/\/independent-federation.ch\/wp-content\/uploads\/2024\/06\/image-98.png 1479w\" sizes=\"(max-width: 1024px) 100vw, 1024px\" \/><\/figure>\n","protected":false},"excerpt":{"rendered":"<p>Wenn Ihre Organisation bereits mit Selbst\u00e4ndigen zusammenarbeitet oder ihre Unterst\u00fctzung f\u00fcr Solopreneure \u00f6ffentlich zum Ausdruck bringen m\u00f6chte, sind Sie hier richtig. Unsere F\u00f6deration unterscheidet zwei Kategorien von Partnern:<\/p>\n","protected":false},"author":1,"featured_media":0,"parent":0,"menu_order":0,"comment_status":"closed","ping_status":"closed","template":"","meta":{"_acf_changed":false,"footnotes":""},"class_list":["post-584","page","type-page","status-publish","hentry"],"acf":[],"_links":{"self":[{"href":"https:\/\/independent-federation.ch\/de\/wp-json\/wp\/v2\/pages\/584","targetHints":{"allow":["GET"]}}],"collection":[{"href":"https:\/\/independent-federation.ch\/de\/wp-json\/wp\/v2\/pages"}],"about":[{"href":"https:\/\/independent-federation.ch\/de\/wp-json\/wp\/v2\/types\/page"}],"author":[{"embeddable":true,"href":"https:\/\/independent-federation.ch\/de\/wp-json\/wp\/v2\/users\/1"}],"replies":[{"embeddable":true,"href":"https:\/\/independent-federation.ch\/de\/wp-json\/wp\/v2\/comments?post=584"}],"version-history":[{"count":2,"href":"https:\/\/independent-federation.ch\/de\/wp-json\/wp\/v2\/pages\/584\/revisions"}],"predecessor-version":[{"id":941,"href":"https:\/\/independent-federation.ch\/de\/wp-json\/wp\/v2\/pages\/584\/revisions\/941"}],"wp:attachment":[{"href":"https:\/\/independent-federation.ch\/de\/wp-json\/wp\/v2\/media?parent=584"}],"curies":[{"name":"wp","href":"https:\/\/api.w.org\/{rel}","templated":true}]}}