{"id":589,"date":"2024-05-14T10:54:09","date_gmt":"2024-05-14T08:54:09","guid":{"rendered":"https:\/\/independent-federation.ch\/zusammenarbeiten\/sig-buergschaften\/"},"modified":"2024-06-11T19:10:04","modified_gmt":"2024-06-11T17:10:04","slug":"sig-buergschaften","status":"publish","type":"page","link":"https:\/\/independent-federation.ch\/de\/collaborer\/sig-buergschaften\/","title":{"rendered":"SIG-B\u00fcrgschaften"},"content":{"rendered":"\n<p>Unser Verband zielt darauf ab, den Mehrwert der unabh\u00e4ngigen Berater f\u00fcr die Schweizer Wirtschaft im Allgemeinen und f\u00fcr jede beauftragte Organisation im Besonderen zu verl\u00e4sslich und dauerhaft zu gestalten.<\/p>\n\n<p>Wenn Sie ein aktives Mitglied unserer F\u00f6deration beauftragen, erhalten Sie folgende Garantien:<\/p>\n\n<p><\/p>\n\n<ul class=\"wp-block-list\">\n<li>Unsere Mitglieder sind <strong>engagierte Fachleute<\/strong>, die unsere<a href=\"https:\/\/docs.google.com\/document\/d\/1m_Kpp5fSluWdYK4Bo8CuSdOamxenu1ODB86Bz-DMHPo\/edit?usp=sharing\"> Deontologie-Charta<\/a> unterzeichnet haben, die sie zu <strong>einer einwandfreien Ethik und einem einwandfreien Anforderungsniveau<\/strong> verpflichtet: keine b\u00f6sen \u00dcberraschungen mehr.<\/li>\n<\/ul>\n\n<p><\/p>\n\n<ul class=\"wp-block-list\">\n<li>Unsere F\u00f6deration <strong>pr\u00fcft regelm\u00e4\u00dfig ihre<\/strong> <a href=\"https:\/\/independent-federation.ch\/de\/bestaetigte-mitglieder\/\" data-type=\"page\" data-id=\"325\">bew\u00e4hrten<\/a> und <a href=\"https:\/\/independent-federation.ch\/de\/zertifizierte-mitglieder\/\" data-type=\"page\" data-id=\"323\">zertifizierten<\/a> <strong>Mitglieder<\/strong>: Jedes Jahr der Mitgliedschaft in unserer F\u00f6deration ist eine zus\u00e4tzliche Garantie f\u00fcr Ihre Organisation.<\/li>\n<\/ul>\n\n<p><\/p>\n\n<ul class=\"wp-block-list\">\n<li>Unsere F\u00f6deration ist Ihre offizielle und dauerhafte Referenzinstitution: Wenn Sie irgendwelche Probleme mit einem Ihrer Dienstleister haben, <a href=\"https:\/\/independent-federation.ch\/de\/kontakt\/\" data-type=\"page\" data-id=\"23\">kontaktieren Sie uns<\/a> einfach und <strong>wir werden f\u00fcr Sie pragmatische L\u00f6sungen finden, um Ihren Erfolg zu sichern<\/strong>.<\/li>\n<\/ul>\n\n<figure class=\"wp-block-image size-large\"><img fetchpriority=\"high\" decoding=\"async\" width=\"1024\" height=\"753\" src=\"https:\/\/independent-federation.ch\/wp-content\/uploads\/2024\/06\/image-99-1024x753.png\" alt=\"\" class=\"wp-image-792\" srcset=\"https:\/\/independent-federation.ch\/wp-content\/uploads\/2024\/06\/image-99-1024x753.png 1024w, https:\/\/independent-federation.ch\/wp-content\/uploads\/2024\/06\/image-99-300x220.png 300w, https:\/\/independent-federation.ch\/wp-content\/uploads\/2024\/06\/image-99-768x564.png 768w, https:\/\/independent-federation.ch\/wp-content\/uploads\/2024\/06\/image-99.png 1143w\" sizes=\"(max-width: 1024px) 100vw, 1024px\" \/><\/figure>\n","protected":false},"excerpt":{"rendered":"<p>Unser Verband zielt darauf ab, den Mehrwert der unabh\u00e4ngigen Berater f\u00fcr die Schweizer Wirtschaft im Allgemeinen und f\u00fcr jede beauftragte Organisation im Besonderen zu verl\u00e4sslich und dauerhaft zu gestalten. Wenn Sie ein aktives Mitglied unserer F\u00f6deration beauftragen, erhalten Sie folgende Garantien:<\/p>\n","protected":false},"author":1,"featured_media":0,"parent":564,"menu_order":0,"comment_status":"closed","ping_status":"closed","template":"","meta":{"_acf_changed":false,"footnotes":""},"class_list":["post-589","page","type-page","status-publish","hentry"],"acf":[],"_links":{"self":[{"href":"https:\/\/independent-federation.ch\/de\/wp-json\/wp\/v2\/pages\/589","targetHints":{"allow":["GET"]}}],"collection":[{"href":"https:\/\/independent-federation.ch\/de\/wp-json\/wp\/v2\/pages"}],"about":[{"href":"https:\/\/independent-federation.ch\/de\/wp-json\/wp\/v2\/types\/page"}],"author":[{"embeddable":true,"href":"https:\/\/independent-federation.ch\/de\/wp-json\/wp\/v2\/users\/1"}],"replies":[{"embeddable":true,"href":"https:\/\/independent-federation.ch\/de\/wp-json\/wp\/v2\/comments?post=589"}],"version-history":[{"count":2,"href":"https:\/\/independent-federation.ch\/de\/wp-json\/wp\/v2\/pages\/589\/revisions"}],"predecessor-version":[{"id":934,"href":"https:\/\/independent-federation.ch\/de\/wp-json\/wp\/v2\/pages\/589\/revisions\/934"}],"up":[{"embeddable":true,"href":"https:\/\/independent-federation.ch\/de\/wp-json\/wp\/v2\/pages\/564"}],"wp:attachment":[{"href":"https:\/\/independent-federation.ch\/de\/wp-json\/wp\/v2\/media?parent=589"}],"curies":[{"name":"wp","href":"https:\/\/api.w.org\/{rel}","templated":true}]}}