{"id":601,"date":"2024-05-14T10:53:24","date_gmt":"2024-05-14T08:53:24","guid":{"rendered":"https:\/\/independent-federation.ch\/partner\/unterzeichner\/"},"modified":"2024-06-11T19:10:09","modified_gmt":"2024-06-11T17:10:09","slug":"unterzeichner","status":"publish","type":"page","link":"https:\/\/independent-federation.ch\/de\/partner\/unterzeichner\/","title":{"rendered":"Unterzeichner"},"content":{"rendered":"\t\t<div data-elementor-type=\"wp-page\" data-elementor-id=\"601\" class=\"elementor elementor-601 elementor-25\" data-elementor-post-type=\"page\">\n\t\t\t\t<div class=\"elementor-element elementor-element-9b8df92 e-flex e-con-boxed e-con e-parent\" data-id=\"9b8df92\" data-element_type=\"container\">\n\t\t\t\t\t<div class=\"e-con-inner\">\n\t\t\t\t\t<\/div>\n\t\t\t\t<\/div>\n\t\t<div class=\"elementor-element elementor-element-f4d414e e-con-full e-flex e-con e-child\" data-id=\"f4d414e\" data-element_type=\"container\">\n\t\t\t\t<div class=\"elementor-element elementor-element-367a391 elementor-widget elementor-widget-heading\" data-id=\"367a391\" data-element_type=\"widget\" data-widget_type=\"heading.default\">\n\t\t\t\t<div class=\"elementor-widget-container\">\n\t\t\t\t\t<h1 class=\"elementor-heading-title elementor-size-default\">Unsere SIGNATARIES-Partner<\/h1>\t\t\t\t<\/div>\n\t\t\t\t<\/div>\n\t\t\t\t<div class=\"elementor-element elementor-element-73802d6 elementor-widget-divider--view-line elementor-widget elementor-widget-divider\" data-id=\"73802d6\" data-element_type=\"widget\" data-widget_type=\"divider.default\">\n\t\t\t\t<div class=\"elementor-widget-container\">\n\t\t\t\t\t\t\t<div class=\"elementor-divider\">\n\t\t\t<span class=\"elementor-divider-separator\">\n\t\t\t\t\t\t<\/span>\n\t\t<\/div>\n\t\t\t\t\t\t<\/div>\n\t\t\t\t<\/div>\n\t\t\t\t<div class=\"elementor-element elementor-element-d771752 elementor-widget elementor-widget-text-editor\" data-id=\"d771752\" data-element_type=\"widget\" data-widget_type=\"text-editor.default\">\n\t\t\t\t<div class=\"elementor-widget-container\">\n\t\t\t\t\t\t\t\t\t<p>Der Schweizerische Verband Unabh\u00e4ngiger Berater dankt unseren Partnern, die die K\u00fchnheit und den gesunden Menschenverstand besessen haben, die Schweizer Freiberufler zu unterst\u00fctzen, indem sie unsere <a href=\"https:\/\/docs.google.com\/document\/d\/1eSkxC2DMflJO01TSnxGb_9bKBuPwz5jcHy9Gbmx7ZB8\/edit?usp=sharing\" target=\"_blank\" rel=\"noopener\">Freelance Friendly Charter<\/a> unterzeichnet haben!  <br \/>Ein besseres Verst\u00e4ndnis der Rolle des Partners <a style=\"font-family: var( --e-global-typography-accent-font-family ), Sans-serif; font-size: var( --e-global-typography-accent-font-size ); font-weight: var( --e-global-typography-accent-font-weight ); text-align: var(--text-align); letter-spacing: var( --e-global-typography-text-letter-spacing ); background-color: #ffffff;\" href=\"https:\/\/independent-federation.ch\/de\/partner\/\" target=\"_blank\" rel=\"noopener\">hier<\/a><\/p>\n\t\t\t\t\t\t\t\t<\/div>\n\t\t\t\t<\/div>\n\t\t\t\t<div class=\"elementor-element elementor-element-d28ab8c elementor-grid-2 elementor-grid-tablet-2 elementor-grid-mobile-1 elementor-widget elementor-widget-loop-grid\" data-id=\"d28ab8c\" data-element_type=\"widget\" data-settings=\"{&quot;template_id&quot;:490,&quot;columns&quot;:2,&quot;_skin&quot;:&quot;post&quot;,&quot;columns_tablet&quot;:&quot;2&quot;,&quot;columns_mobile&quot;:&quot;1&quot;,&quot;edit_handle_selector&quot;:&quot;[data-elementor-type=\\&quot;loop-item\\&quot;]&quot;,&quot;row_gap&quot;:{&quot;unit&quot;:&quot;px&quot;,&quot;size&quot;:&quot;&quot;,&quot;sizes&quot;:[]},&quot;row_gap_tablet&quot;:{&quot;unit&quot;:&quot;px&quot;,&quot;size&quot;:&quot;&quot;,&quot;sizes&quot;:[]},&quot;row_gap_mobile&quot;:{&quot;unit&quot;:&quot;px&quot;,&quot;size&quot;:&quot;&quot;,&quot;sizes&quot;:[]}}\" data-widget_type=\"loop-grid.post\">\n\t\t\t\t<div class=\"elementor-widget-container\">\n\t\t\t\t\t\t\t<div class=\"e-loop-nothing-found-message\">\n\t\t<\/div>\n\t\t\t\t\t\t<\/div>\n\t\t\t\t<\/div>\n\t\t\t\t<\/div>\n\t\t\t\t<\/div>\n\t\t","protected":false},"excerpt":{"rendered":"<p>Unsere SIGNATARIES-Partner Der Schweizerische Verband Unabh\u00e4ngiger Berater dankt unseren Partnern, die die K\u00fchnheit und den gesunden Menschenverstand besessen haben, die Schweizer Freiberufler zu unterst\u00fctzen, indem sie unsere Freelance Friendly Charter unterzeichnet haben! Ein besseres Verst\u00e4ndnis der Rolle des Partners hier<\/p>\n","protected":false},"author":1,"featured_media":0,"parent":584,"menu_order":0,"comment_status":"closed","ping_status":"closed","template":"","meta":{"_acf_changed":false,"footnotes":""},"class_list":["post-601","page","type-page","status-publish","hentry"],"acf":[],"_links":{"self":[{"href":"https:\/\/independent-federation.ch\/de\/wp-json\/wp\/v2\/pages\/601","targetHints":{"allow":["GET"]}}],"collection":[{"href":"https:\/\/independent-federation.ch\/de\/wp-json\/wp\/v2\/pages"}],"about":[{"href":"https:\/\/independent-federation.ch\/de\/wp-json\/wp\/v2\/types\/page"}],"author":[{"embeddable":true,"href":"https:\/\/independent-federation.ch\/de\/wp-json\/wp\/v2\/users\/1"}],"replies":[{"embeddable":true,"href":"https:\/\/independent-federation.ch\/de\/wp-json\/wp\/v2\/comments?post=601"}],"version-history":[{"count":2,"href":"https:\/\/independent-federation.ch\/de\/wp-json\/wp\/v2\/pages\/601\/revisions"}],"predecessor-version":[{"id":963,"href":"https:\/\/independent-federation.ch\/de\/wp-json\/wp\/v2\/pages\/601\/revisions\/963"}],"up":[{"embeddable":true,"href":"https:\/\/independent-federation.ch\/de\/wp-json\/wp\/v2\/pages\/584"}],"wp:attachment":[{"href":"https:\/\/independent-federation.ch\/de\/wp-json\/wp\/v2\/media?parent=601"}],"curies":[{"name":"wp","href":"https:\/\/api.w.org\/{rel}","templated":true}]}}