{"id":618,"date":"2024-05-14T10:52:35","date_gmt":"2024-05-14T08:52:35","guid":{"rendered":"https:\/\/independent-federation.ch\/foederation\/zertifizierung-schulungen\/"},"modified":"2024-06-11T19:10:14","modified_gmt":"2024-06-11T17:10:14","slug":"zertifizierung-schulungen","status":"publish","type":"page","link":"https:\/\/independent-federation.ch\/de\/foederation\/zertifizierung-schulungen\/","title":{"rendered":"Zertifizierung \/ Schulungen"},"content":{"rendered":"\t\t<div data-elementor-type=\"wp-page\" data-elementor-id=\"618\" class=\"elementor elementor-618 elementor-19\" data-elementor-post-type=\"page\">\n\t\t\t\t<div class=\"elementor-element elementor-element-f403aec e-flex e-con-boxed e-con e-parent\" data-id=\"f403aec\" data-element_type=\"container\">\n\t\t\t\t\t<div class=\"e-con-inner\">\n\t\t<div class=\"elementor-element elementor-element-8b2acdc e-con-full e-flex e-con e-child\" data-id=\"8b2acdc\" data-element_type=\"container\">\n\t\t\t\t<div class=\"elementor-element elementor-element-6d67763 elementor-widget elementor-widget-heading\" data-id=\"6d67763\" data-element_type=\"widget\" data-widget_type=\"heading.default\">\n\t\t\t\t<div class=\"elementor-widget-container\">\n\t\t\t\t\t<h1 class=\"elementor-heading-title elementor-size-default\">ZERTIFIZIERUNG<\/h1>\t\t\t\t<\/div>\n\t\t\t\t<\/div>\n\t\t\t\t<div class=\"elementor-element elementor-element-34cb29a elementor-widget-divider--view-line elementor-widget elementor-widget-divider\" data-id=\"34cb29a\" data-element_type=\"widget\" data-widget_type=\"divider.default\">\n\t\t\t\t<div class=\"elementor-widget-container\">\n\t\t\t\t\t\t\t<div class=\"elementor-divider\">\n\t\t\t<span class=\"elementor-divider-separator\">\n\t\t\t\t\t\t<\/span>\n\t\t<\/div>\n\t\t\t\t\t\t<\/div>\n\t\t\t\t<\/div>\n\t\t\t\t<div class=\"elementor-element elementor-element-99c1d78 elementor-widget elementor-widget-text-editor\" data-id=\"99c1d78\" data-element_type=\"widget\" data-widget_type=\"text-editor.default\">\n\t\t\t\t<div class=\"elementor-widget-container\">\n\t\t\t\t\t\t\t\t\t<p><strong style=\"color: var( --e-global-color-text ); font-family: var( --e-global-typography-accent-font-family ), Sans-serif; font-size: var( --e-global-typography-accent-font-size ); text-align: var(--text-align); letter-spacing: var( --e-global-typography-text-letter-spacing );\">Die Gleichung f\u00fcr Vertrauen beruht auf Glaubw\u00fcrdigkeit.<\/strong><\/p>\n\t\t\t\t\t\t\t\t<\/div>\n\t\t\t\t<\/div>\n\t\t\t\t<\/div>\n\t\t\t\t<div class=\"elementor-element elementor-element-d66eb68 elementor-widget elementor-widget-text-editor\" data-id=\"d66eb68\" data-element_type=\"widget\" data-widget_type=\"text-editor.default\">\n\t\t\t\t<div class=\"elementor-widget-container\">\n\t\t\t\t\t\t\t\t\t<p><strong>Die &#8220;Swiss CIC\u00ae&#8221;-Zertifizierung &#8211; Swiss CIC <\/strong><b>C<\/b><strong>ertified<\/strong><b> I<\/b><strong>ndependent <\/strong><b>C<\/b><strong>onsultant &#8211; ausgestellt von unserem Verband &#8211; akkreditiert. <\/strong><span style=\"font-weight: bolder; text-align: var(--text-align); color: var( --e-global-color-text ); font-family: var( --e-global-typography-text-font-family ), Sans-serif; font-size: var( --e-global-typography-text-font-size ); letter-spacing: var( --e-global-typography-text-letter-spacing );\">Vollst\u00e4ndig<\/span><strong style=\"text-align: var(--text-align); color: var( --e-global-color-text ); font-family: var( --e-global-typography-text-font-family ), Sans-serif; font-size: var( --e-global-typography-text-font-size ); letter-spacing: var( --e-global-typography-text-letter-spacing );\"> Die Liste der unabh\u00e4ngigen Berater ist nicht ersch\u00f6pfend: <\/strong> <\/p>\n<ul>\n<li style=\"list-style-type: none;\"> <\/li>\n<\/ul>\n<ul>\n<li style=\"list-style-type: none;\">\n<ul>\n<li><strong>Selbst\u00e4ndiger Status und Geschichte<\/strong><\/li>\n<li><strong>Professionelle Reputation &amp; Kundenzufriedenheit<\/strong><\/li>\n<\/ul>\n<\/li>\n<\/ul>\n<ul>\n<li style=\"list-style-type: none;\">\n<ul>\n<li><strong>Berufliche Erfahrung als Angestellter, Selbst\u00e4ndiger, Berufsverb\u00e4nde, Ver\u00f6ffentlichungen, etc.<\/strong><\/li>\n<li><strong><span style=\"background-color: transparent; text-align: var(--text-align); color: var( --e-global-color-text ); font-family: var( --e-global-typography-text-font-family ), Sans-serif; letter-spacing: var( --e-global-typography-text-letter-spacing );\">Audit der bereits erworbenen akademischen und beruflichen Zertifizierungen<\/span><\/strong><\/li>\n<li style=\"font-size: 17.6px;\"><strong>F\u00e4higkeit zur Zusammenarbeit und Teamarbeit<\/strong><\/li>\n<li><strong><span style=\"background-color: transparent; color: var( --e-global-color-text ); font-family: var( --e-global-typography-text-font-family ), Sans-serif; letter-spacing: var( --e-global-typography-text-letter-spacing ); text-align: var(--text-align);\">F\u00e4higkeit, die Qualit\u00e4t und Expertise von &#8220;Swiss made&#8221; widerzuspiegeln<\/span><\/strong><\/li>\n<li><strong><span style=\"background-color: transparent; text-align: var(--text-align); color: var( --e-global-color-text ); font-family: var( --e-global-typography-text-font-family ), Sans-serif; letter-spacing: var( --e-global-typography-text-letter-spacing );\">Keine Subunternehmer f\u00fcr Kernaktivit\u00e4ten<\/span><\/strong><\/li>\n<li><strong><span style=\"background-color: transparent; text-align: var(--text-align); color: var( --e-global-color-text ); font-family: var( --e-global-typography-text-font-family ), Sans-serif; letter-spacing: var( --e-global-typography-text-letter-spacing );\">usw.<\/span><\/strong><\/li>\n<\/ul>\n<\/li>\n<\/ul>\n<div>Die Zertifizierungsjury unserer F\u00f6deration leitet den Zertifizierungsprozess f\u00fcr erfahrene Mitglieder unserer F\u00f6deration mit einem Mindestalter von einem Jahr ein.<\/div>\n\t\t\t\t\t\t\t\t<\/div>\n\t\t\t\t<\/div>\n\t\t\t\t<div class=\"elementor-element elementor-element-dc0e238 elementor-widget elementor-widget-image\" data-id=\"dc0e238\" data-element_type=\"widget\" data-widget_type=\"image.default\">\n\t\t\t\t<div class=\"elementor-widget-container\">\n\t\t\t\t\t\t\t\t\t\t\t\t\t\t\t<img fetchpriority=\"high\" decoding=\"async\" width=\"300\" height=\"291\" src=\"https:\/\/independent-federation.ch\/wp-content\/uploads\/2024\/06\/IMG_4154-1-300x291.jpg\" class=\"attachment-medium size-medium wp-image-673\" alt=\"\" srcset=\"https:\/\/independent-federation.ch\/wp-content\/uploads\/2024\/06\/IMG_4154-1-300x291.jpg 300w, https:\/\/independent-federation.ch\/wp-content\/uploads\/2024\/06\/IMG_4154-1-1024x994.jpg 1024w, https:\/\/independent-federation.ch\/wp-content\/uploads\/2024\/06\/IMG_4154-1-768x746.jpg 768w, https:\/\/independent-federation.ch\/wp-content\/uploads\/2024\/06\/IMG_4154-1-1536x1491.jpg 1536w, https:\/\/independent-federation.ch\/wp-content\/uploads\/2024\/06\/IMG_4154-1.jpg 1584w\" sizes=\"(max-width: 300px) 100vw, 300px\" \/>\t\t\t\t\t\t\t\t\t\t\t\t\t\t\t<\/div>\n\t\t\t\t<\/div>\n\t\t<div class=\"elementor-element elementor-element-3a07bb3 e-flex e-con-boxed e-con e-child\" data-id=\"3a07bb3\" data-element_type=\"container\">\n\t\t\t\t\t<div class=\"e-con-inner\">\n\t\t<div class=\"elementor-element elementor-element-9f92163 e-con-full e-flex e-con e-child\" data-id=\"9f92163\" data-element_type=\"container\">\n\t\t\t\t<div class=\"elementor-element elementor-element-c6a0f8c elementor-widget elementor-widget-heading\" data-id=\"c6a0f8c\" data-element_type=\"widget\" data-widget_type=\"heading.default\">\n\t\t\t\t<div class=\"elementor-widget-container\">\n\t\t\t\t\t<h1 class=\"elementor-heading-title elementor-size-default\">FORMATIONEN<\/h1>\t\t\t\t<\/div>\n\t\t\t\t<\/div>\n\t\t\t\t<div class=\"elementor-element elementor-element-bbdac9c elementor-widget-divider--view-line elementor-widget elementor-widget-divider\" data-id=\"bbdac9c\" data-element_type=\"widget\" data-widget_type=\"divider.default\">\n\t\t\t\t<div class=\"elementor-widget-container\">\n\t\t\t\t\t\t\t<div class=\"elementor-divider\">\n\t\t\t<span class=\"elementor-divider-separator\">\n\t\t\t\t\t\t<\/span>\n\t\t<\/div>\n\t\t\t\t\t\t<\/div>\n\t\t\t\t<\/div>\n\t\t\t\t<div class=\"elementor-element elementor-element-7c4abe0 elementor-widget elementor-widget-text-editor\" data-id=\"7c4abe0\" data-element_type=\"widget\" data-widget_type=\"text-editor.default\">\n\t\t\t\t<div class=\"elementor-widget-container\">\n\t\t\t\t\t\t\t\t\t<p><strong style=\"color: var( --e-global-color-text ); font-family: var( --e-global-typography-accent-font-family ), Sans-serif; font-size: var( --e-global-typography-accent-font-size ); text-align: var(--text-align); letter-spacing: var( --e-global-typography-text-letter-spacing );\">Sich beruflich weiterzubilden bedeutet, sich menschlich weiterzuentwickeln und eine neue, lohnende Erfahrung zu sammeln.<\/strong><\/p>\n\t\t\t\t\t\t\t\t<\/div>\n\t\t\t\t<\/div>\n\t\t\t\t<div class=\"elementor-element elementor-element-3a53bdf elementor-widget elementor-widget-text-editor\" data-id=\"3a53bdf\" data-element_type=\"widget\" data-widget_type=\"text-editor.default\">\n\t\t\t\t<div class=\"elementor-widget-container\">\n\t\t\t\t\t\t\t\t\t<p><a style=\"text-align: var(--text-align); font-family: var( --e-global-typography-text-font-family ), Sans-serif; font-size: var( --e-global-typography-text-font-size ); font-weight: var( --e-global-typography-text-font-weight ); letter-spacing: var( --e-global-typography-text-letter-spacing ); background-color: #ffffff;\" href=\"https:\/\/independent-federation.ch\/de\/kontakt\/\" target=\"_blank\" rel=\"noopener\">Kontaktieren Sie unseren Verband<\/a>, um mehr \u00fcber unsere <b>zertifizierten Schulungen<\/b> in unseren verschiedenen Fachgebieten zu erfahren &#8211; die Liste ist nicht vollst\u00e4ndig &#8211; :<\/p>\n<ul style=\"font-size: 17.6px; background-color: #ffffff;\">\n<li>Voraussetzungen f\u00fcr die Selbst\u00e4ndigkeit<\/li>\n<li>Verwaltungsmanagement solobusiness<\/li>\n<li>M\u00f6gliche Steuerbefreiungen f\u00fcr Ihre selbst\u00e4ndige T\u00e4tigkeit<\/li>\n<li>Sicherung des Fortbestands seiner selbst\u00e4ndigen T\u00e4tigkeit<\/li>\n<li>Sicherstellung der Sichtbarkeit Ihrer selbst\u00e4ndigen T\u00e4tigkeit<\/li>\n<li>Projektmanagement &#8211; back to basics<\/li>\n<li>Fortgeschrittenes Projektmanagement &#8211; Management von strategischen Projekten<\/li>\n<li><span style=\"background-color: transparent; text-align: var(--text-align); color: var( --e-global-color-text ); font-family: var( --e-global-typography-text-font-family ), Sans-serif; letter-spacing: var( --e-global-typography-text-letter-spacing );\">Professionelle Reputation &amp; <\/span><span style=\"background-color: transparent; text-align: var(--text-align); color: var( --e-global-color-text ); font-family: var( --e-global-typography-text-font-family ), Sans-serif; letter-spacing: var( --e-global-typography-text-letter-spacing );\">Kundenzufriedenheit<\/span><\/li>\n<li><span style=\"background-color: transparent; text-align: var(--text-align); color: var( --e-global-color-text ); font-family: var( --e-global-typography-text-font-family ), Sans-serif; letter-spacing: var( --e-global-typography-text-letter-spacing );\">usw.<\/span><\/li>\n<\/ul>\n\t\t\t\t\t\t\t\t<\/div>\n\t\t\t\t<\/div>\n\t\t\t\t<\/div>\n\t\t\t\t<div class=\"elementor-element elementor-element-a48631c elementor-widget elementor-widget-image\" data-id=\"a48631c\" data-element_type=\"widget\" data-widget_type=\"image.default\">\n\t\t\t\t<div class=\"elementor-widget-container\">\n\t\t\t\t\t\t\t\t\t\t\t\t\t\t\t<img decoding=\"async\" width=\"800\" height=\"449\" src=\"https:\/\/independent-federation.ch\/wp-content\/uploads\/2024\/06\/image-95-1024x575.png\" class=\"attachment-large size-large wp-image-720\" alt=\"\" srcset=\"https:\/\/independent-federation.ch\/wp-content\/uploads\/2024\/06\/image-95-1024x575.png 1024w, https:\/\/independent-federation.ch\/wp-content\/uploads\/2024\/06\/image-95-300x168.png 300w, https:\/\/independent-federation.ch\/wp-content\/uploads\/2024\/06\/image-95-768x431.png 768w, https:\/\/independent-federation.ch\/wp-content\/uploads\/2024\/06\/image-95.png 1491w\" sizes=\"(max-width: 800px) 100vw, 800px\" \/>\t\t\t\t\t\t\t\t\t\t\t\t\t\t\t<\/div>\n\t\t\t\t<\/div>\n\t\t\t\t\t<\/div>\n\t\t\t\t<\/div>\n\t\t\t\t\t<\/div>\n\t\t\t\t<\/div>\n\t\t\t\t<\/div>\n\t\t","protected":false},"excerpt":{"rendered":"<p>ZERTIFIZIERUNG Die Gleichung f\u00fcr Vertrauen beruht auf Glaubw\u00fcrdigkeit. Die &#8220;Swiss CIC\u00ae&#8221;-Zertifizierung &#8211; Swiss CIC Certified Independent Consultant &#8211; ausgestellt von unserem Verband &#8211; akkreditiert. Vollst\u00e4ndig Die Liste der unabh\u00e4ngigen Berater ist nicht ersch\u00f6pfend: Selbst\u00e4ndiger Status und Geschichte Professionelle Reputation &amp; Kundenzufriedenheit Berufliche Erfahrung als Angestellter, Selbst\u00e4ndiger, Berufsverb\u00e4nde, Ver\u00f6ffentlichungen, etc. Audit der bereits erworbenen akademischen und [&hellip;]<\/p>\n","protected":false},"author":1,"featured_media":0,"parent":577,"menu_order":0,"comment_status":"closed","ping_status":"closed","template":"","meta":{"_acf_changed":false,"footnotes":""},"class_list":["post-618","page","type-page","status-publish","hentry"],"acf":[],"_links":{"self":[{"href":"https:\/\/independent-federation.ch\/de\/wp-json\/wp\/v2\/pages\/618","targetHints":{"allow":["GET"]}}],"collection":[{"href":"https:\/\/independent-federation.ch\/de\/wp-json\/wp\/v2\/pages"}],"about":[{"href":"https:\/\/independent-federation.ch\/de\/wp-json\/wp\/v2\/types\/page"}],"author":[{"embeddable":true,"href":"https:\/\/independent-federation.ch\/de\/wp-json\/wp\/v2\/users\/1"}],"replies":[{"embeddable":true,"href":"https:\/\/independent-federation.ch\/de\/wp-json\/wp\/v2\/comments?post=618"}],"version-history":[{"count":3,"href":"https:\/\/independent-federation.ch\/de\/wp-json\/wp\/v2\/pages\/618\/revisions"}],"predecessor-version":[{"id":968,"href":"https:\/\/independent-federation.ch\/de\/wp-json\/wp\/v2\/pages\/618\/revisions\/968"}],"up":[{"embeddable":true,"href":"https:\/\/independent-federation.ch\/de\/wp-json\/wp\/v2\/pages\/577"}],"wp:attachment":[{"href":"https:\/\/independent-federation.ch\/de\/wp-json\/wp\/v2\/media?parent=618"}],"curies":[{"name":"wp","href":"https:\/\/api.w.org\/{rel}","templated":true}]}}