{"id":916,"date":"2024-06-10T14:57:05","date_gmt":"2024-06-10T12:57:05","guid":{"rendered":"https:\/\/independent-federation.ch\/datenschutz\/"},"modified":"2024-06-11T19:09:59","modified_gmt":"2024-06-11T17:09:59","slug":"datenschutz","status":"publish","type":"page","link":"https:\/\/independent-federation.ch\/de\/datenschutz\/","title":{"rendered":"Datenschutz"},"content":{"rendered":"\n<p><strong>Nutzung der Website<\/strong><\/p>\n\n<p>Ihre Privatsph\u00e4re ist uns wichtig. Diese Richtlinie legt unsere Praktiken in Bezug auf die Sammlung, Speicherung, Nutzung und Offenlegung aller pers\u00f6nlichen Daten fest, die \u00fcber diese Website (die &#8220;Website&#8221;) gesammelt werden. Bitte lesen Sie diese Datenschutzrichtlinie sorgf\u00e4ltig durch. Sie sollten die Website nicht nutzen, wenn Sie den Bedingungen dieser Datenschutzrichtlinie (die &#8220;Datenschutzrichtlinie&#8221;) nicht zustimmen.<\/p>\n\n<p><strong>Sammlung und Verwendung pers\u00f6nlicher Daten<\/strong><\/p>\n\n<p>Wir bitten Sie, uns bestimmte pers\u00f6nliche Daten zur Verf\u00fcgung zu stellen, damit wir Sie kontaktieren und Ihnen Dienstleistungen anbieten k\u00f6nnen. Wir k\u00f6nnen Ihre pers\u00f6nlichen Daten auch verwenden, um unsere Aktivit\u00e4ten zu \u00fcberwachen und zu analysieren und um die geltenden Gesetze und Vorschriften einzuhalten.<\/p>\n\n<p><strong>Offenlegung von Daten<\/strong><\/p>\n\n<p>Wir k\u00f6nnen pers\u00f6nliche Daten an eine der folgenden Stellen weitergeben:<\/p>\n\n<p>alle Vertreter oder Personen, die f\u00fcr uns arbeiten, die Ihre pers\u00f6nlichen Daten f\u00fcr einen der in dieser Datenschutzrichtlinie beschriebenen Zwecke verwenden k\u00f6nnen;<br\/>Dritte, an die wir Aufgaben auslagern oder mit denen wir eine Partnerschaft eingehen, um unsere Dienstleistungen anzubieten, oder die Zahlungen verarbeiten, die Sie m\u00f6glicherweise in Verbindung mit unseren Dienstleistungen leisten;<br\/>jede Person, an die wir eines unserer Rechte oder Pflichten gem\u00e4\u00df einer Vereinbarung, die wir mit Ihnen haben, \u00fcbertragen haben; und<br\/>jede Person, der Sie die Erlaubnis erteilen, Ihre pers\u00f6nlichen Daten zur Verf\u00fcgung zu stellen.<\/p>\n\n<ul class=\"wp-block-list\">\n<li>Wir k\u00f6nnen personenbezogene Daten auch offenlegen, wenn wir dazu verpflichtet sind, auf Antrag eines Gerichts oder einer Regierungs- oder Strafverfolgungsbeh\u00f6rde (einschlie\u00dflich der Polizei), im Rahmen eines Gerichtsverfahrens oder auf Antrag eines Dritten oder wenn dies von unseren Internetdienstleistern gefordert wird. Wir k\u00f6nnen personenbezogene Daten auch offenlegen, wenn wir der Meinung sind, dass es notwendig oder w\u00fcnschenswert ist, um ein Gesetz einzuhalten oder unsere Rechte oder unser Eigentum zu sch\u00fctzen oder zu verteidigen.<\/li>\n<\/ul>\n\n<p><strong>Ihre Rechte<\/strong><\/p>\n\n<p>Das anwendbare Datenschutzrecht gew\u00e4hrt bestimmte Rechte, einschlie\u00dflich des Rechts, eine Kopie der pers\u00f6nlichen Daten zu erhalten, die wir \u00fcber Sie gespeichert haben. Um eine Kopie Ihrer pers\u00f6nlichen Daten zu erhalten, bei Fragen \u00fcber unsere Nutzung Ihrer pers\u00f6nlichen Daten oder um Ihre Aufnahme in unsere Mailinglisten zu l\u00f6schen, kontaktieren Sie uns bitte per E-Mail unter board@independent-federation.ch.<\/p>\n\n<p><strong>Daten\u00fcbertragung<\/strong><\/p>\n\n<p>Sie erkl\u00e4ren sich damit einverstanden, dass wir Ihre pers\u00f6nlichen Daten an unseren Mailinglisten-Anbieter weitergeben, der sich derzeit in den Vereinigten Staaten von Amerika befindet, um uns Mailing-Dienste zur Verf\u00fcgung zu stellen. Sie sollten wissen, dass die Datenschutzgesetze in den Vereinigten Staaten von Amerika m\u00f6glicherweise keinen gleichwertigen Schutz bieten wie die in der Europ\u00e4ischen Union geltenden Gesetze.<\/p>\n\n<p><strong>Datenschutz<\/strong><\/p>\n\n<p>In enger Zusammenarbeit mit unseren Partnern unternehmen wir alle Anstrengungen, um die Datenbanken vor externem Zugriff, Datenverlust, Missbrauch oder F\u00e4lschung zu sch\u00fctzen. Im Falle einer Verletzung unseres Sicherheitssystems werden wir Ihnen an die von Ihnen angegebene Adresse alle relevanten Informationen \u00fcber den Umfang der Verletzung mitteilen.<\/p>\n\n<p><strong>E-Mail<\/strong><\/p>\n\n<p>E-Mails sind kein zuverl\u00e4ssiges Kommunikationsmittel und k\u00f6nnen nicht rechtzeitig zugestellt werden oder in einigen F\u00e4llen verloren gehen. Wenn Sie E-Mails verwenden, um wichtige Nachrichten zu versenden, sollten Sie eine Empfangsbest\u00e4tigung anfordern.  <\/p>\n\n<p><strong>Analysen des Internetpublikums<\/strong><\/p>\n\n<p>Unsere Website kann analytische Dienste verwenden, um die Nutzung der Websites zu bewerten und Trends zu verfolgen, um die Informationen des Angebots zu verbessern. Dieser Dienst verwendet Cookies, um Informationen (IP-Adresse, Datum, Uhrzeit, Browser-Anfragen und allgemeine Informationen \u00fcber das Betriebssystem und den Browser) \u00fcber Ihre Nutzung unserer Website zu sammeln. Ihre IP-Adresse wird anonymisiert, sobald dies technisch machbar ist, und zwar so fr\u00fch wie m\u00f6glich im Sammelnetzwerk.<\/p>\n\n<p>Wenn Sie nicht mehr m\u00f6chten, dass Ihre Zugangsdaten durch Analysedienste ausgewertet werden, k\u00f6nnen Sie ein Browser-Add-on herunterladen und installieren, mit dem Sie diese Analysen deaktivieren k\u00f6nnen.<\/p>\n\n<p>Sie k\u00f6nnen die Cookies auf Ihrem Computer deaktivieren, indem Sie den Anweisungen Ihres Browsers folgen oder unter www.allaboutcookies.org.<\/p>\n\n<p><strong>\u00c4nderungen<\/strong><\/p>\n\n<p>Wir k\u00f6nnen diese Datenschutzrichtlinie von Zeit zu Zeit \u00e4ndern. Ihre fortgesetzte Nutzung der Website bedeutet, dass Sie diese \u00c4nderungen akzeptieren.<\/p>\n","protected":false},"excerpt":{"rendered":"<p>Nutzung der Website Ihre Privatsph\u00e4re ist uns wichtig. Diese Richtlinie legt unsere Praktiken in Bezug auf die Sammlung, Speicherung, Nutzung und Offenlegung aller pers\u00f6nlichen Daten fest, die \u00fcber diese Website (die &#8220;Website&#8221;) gesammelt werden. Bitte lesen Sie diese Datenschutzrichtlinie sorgf\u00e4ltig durch. Sie sollten die Website nicht nutzen, wenn Sie den Bedingungen dieser Datenschutzrichtlinie (die &#8220;Datenschutzrichtlinie&#8221;) [&hellip;]<\/p>\n","protected":false},"author":1,"featured_media":0,"parent":0,"menu_order":0,"comment_status":"closed","ping_status":"closed","template":"","meta":{"_acf_changed":false,"footnotes":""},"class_list":["post-916","page","type-page","status-publish","hentry"],"acf":[],"_links":{"self":[{"href":"https:\/\/independent-federation.ch\/de\/wp-json\/wp\/v2\/pages\/916","targetHints":{"allow":["GET"]}}],"collection":[{"href":"https:\/\/independent-federation.ch\/de\/wp-json\/wp\/v2\/pages"}],"about":[{"href":"https:\/\/independent-federation.ch\/de\/wp-json\/wp\/v2\/types\/page"}],"author":[{"embeddable":true,"href":"https:\/\/independent-federation.ch\/de\/wp-json\/wp\/v2\/users\/1"}],"replies":[{"embeddable":true,"href":"https:\/\/independent-federation.ch\/de\/wp-json\/wp\/v2\/comments?post=916"}],"version-history":[{"count":1,"href":"https:\/\/independent-federation.ch\/de\/wp-json\/wp\/v2\/pages\/916\/revisions"}],"predecessor-version":[{"id":918,"href":"https:\/\/independent-federation.ch\/de\/wp-json\/wp\/v2\/pages\/916\/revisions\/918"}],"wp:attachment":[{"href":"https:\/\/independent-federation.ch\/de\/wp-json\/wp\/v2\/media?parent=916"}],"curies":[{"name":"wp","href":"https:\/\/api.w.org\/{rel}","templated":true}]}}