{"id":425,"date":"2024-05-14T10:51:54","date_gmt":"2024-05-14T08:51:54","guid":{"rendered":"https:\/\/independent-federation.ch\/principi\/"},"modified":"2024-06-11T19:10:14","modified_gmt":"2024-06-11T17:10:14","slug":"principi","status":"publish","type":"page","link":"https:\/\/independent-federation.ch\/it\/federazione\/principi\/","title":{"rendered":"Principi"},"content":{"rendered":"\t\t<div data-elementor-type=\"wp-page\" data-elementor-id=\"425\" class=\"elementor elementor-425 elementor-13\" data-elementor-post-type=\"page\">\n\t\t\t\t<div class=\"elementor-element elementor-element-2b22c62c e-flex e-con-boxed e-con e-parent\" data-id=\"2b22c62c\" data-element_type=\"container\">\n\t\t\t\t\t<div class=\"e-con-inner\">\n\t\t\t\t<div class=\"elementor-element elementor-element-72f7f039 elementor-widget elementor-widget-text-editor\" data-id=\"72f7f039\" data-element_type=\"widget\" data-widget_type=\"text-editor.default\">\n\t\t\t\t<div class=\"elementor-widget-container\">\n\t\t\t\t\t\t\t\t\t<p><\/p>\n<p><strong>I nostri principi sono semplici: <\/strong><\/p>\n<p><\/p>\n<p><\/p>\n<ul>\n<li style=\"list-style-type: none;\">\n<ul><\/ul>\n<\/li>\n<\/ul>\n<p> <\/p>\n<ul>\n<li style=\"list-style-type: none;\">\n<ul>\n<li><b>Uniti stiamo<\/b>, divisi cadiamo: invisibili e non rappresentativi.  <\/li>\n<\/ul>\n<\/li>\n<\/ul>\n<p><\/p>\n<p><\/p>\n<ul>\n<li style=\"list-style-type: none;\">\n<ul>\n<li><b>Pi\u00f9 membri<\/b> abbiamo nella nostra associazione di categoria, pi\u00f9 <b>saremo visibili<\/b> e pi\u00f9 influenza avremo nell&#8217;ambiente economico, sociale e civile.  <\/li>\n<\/ul>\n<\/li>\n<\/ul>\n<p><\/p>\n<p><\/p>\n<ul>\n<li style=\"list-style-type: none;\">\n<ul>\n<li>Ogni membro in pi\u00f9 della nostra associazione di categoria contribuisce a <b>promuovere la causa dei lavoratori autonomi<\/b> all&#8217;interno della Confederazione Svizzera.<\/li>\n<\/ul>\n<\/li>\n<\/ul>\n<p><\/p>\n<p><\/p>\t\t\t\t\t\t\t\t<\/div>\n\t\t\t\t<\/div>\n\t\t\t\t\t<\/div>\n\t\t\t\t<\/div>\n\t\t<div class=\"elementor-element elementor-element-feaf728 e-flex e-con-boxed e-con e-parent\" data-id=\"feaf728\" data-element_type=\"container\">\n\t\t\t\t\t<div class=\"e-con-inner\">\n\t\t\t\t<div class=\"elementor-element elementor-element-f10771e elementor-widget elementor-widget-image\" data-id=\"f10771e\" data-element_type=\"widget\" data-widget_type=\"image.default\">\n\t\t\t\t<div class=\"elementor-widget-container\">\n\t\t\t\t\t\t\t\t\t\t\t\t\t\t\t<img fetchpriority=\"high\" decoding=\"async\" width=\"800\" height=\"454\" src=\"https:\/\/independent-federation.ch\/wp-content\/uploads\/2024\/06\/image-94-1-1024x581.png\" class=\"attachment-large size-large wp-image-705\" alt=\"\" srcset=\"https:\/\/independent-federation.ch\/wp-content\/uploads\/2024\/06\/image-94-1-1024x581.png 1024w, https:\/\/independent-federation.ch\/wp-content\/uploads\/2024\/06\/image-94-1-300x170.png 300w, https:\/\/independent-federation.ch\/wp-content\/uploads\/2024\/06\/image-94-1-768x436.png 768w, https:\/\/independent-federation.ch\/wp-content\/uploads\/2024\/06\/image-94-1.png 1501w\" sizes=\"(max-width: 800px) 100vw, 800px\" \/>\t\t\t\t\t\t\t\t\t\t\t\t\t\t\t<\/div>\n\t\t\t\t<\/div>\n\t\t\t\t\t<\/div>\n\t\t\t\t<\/div>\n\t\t\t\t<\/div>\n\t\t","protected":false},"excerpt":{"rendered":"<p>I nostri principi sono semplici: Uniti stiamo, divisi cadiamo: invisibili e non rappresentativi. Pi\u00f9 membri abbiamo nella nostra associazione di categoria, pi\u00f9 saremo visibili e pi\u00f9 influenza avremo nell&#8217;ambiente economico, sociale e civile. Ogni membro in pi\u00f9 della nostra associazione di categoria contribuisce a promuovere la causa dei lavoratori autonomi all&#8217;interno della Confederazione Svizzera.<\/p>\n","protected":false},"author":1,"featured_media":0,"parent":587,"menu_order":0,"comment_status":"closed","ping_status":"closed","template":"","meta":{"_acf_changed":false,"footnotes":""},"class_list":["post-425","page","type-page","status-publish","hentry"],"acf":[],"_links":{"self":[{"href":"https:\/\/independent-federation.ch\/it\/wp-json\/wp\/v2\/pages\/425","targetHints":{"allow":["GET"]}}],"collection":[{"href":"https:\/\/independent-federation.ch\/it\/wp-json\/wp\/v2\/pages"}],"about":[{"href":"https:\/\/independent-federation.ch\/it\/wp-json\/wp\/v2\/types\/page"}],"author":[{"embeddable":true,"href":"https:\/\/independent-federation.ch\/it\/wp-json\/wp\/v2\/users\/1"}],"replies":[{"embeddable":true,"href":"https:\/\/independent-federation.ch\/it\/wp-json\/wp\/v2\/comments?post=425"}],"version-history":[{"count":3,"href":"https:\/\/independent-federation.ch\/it\/wp-json\/wp\/v2\/pages\/425\/revisions"}],"predecessor-version":[{"id":972,"href":"https:\/\/independent-federation.ch\/it\/wp-json\/wp\/v2\/pages\/425\/revisions\/972"}],"up":[{"embeddable":true,"href":"https:\/\/independent-federation.ch\/it\/wp-json\/wp\/v2\/pages\/587"}],"wp:attachment":[{"href":"https:\/\/independent-federation.ch\/it\/wp-json\/wp\/v2\/media?parent=425"}],"curies":[{"name":"wp","href":"https:\/\/api.w.org\/{rel}","templated":true}]}}