{"id":582,"date":"2024-05-14T10:54:09","date_gmt":"2024-05-14T08:54:09","guid":{"rendered":"https:\/\/independent-federation.ch\/collabora\/garanzie-fsci\/"},"modified":"2024-06-11T19:10:04","modified_gmt":"2024-06-11T17:10:04","slug":"garanzie-fsci","status":"publish","type":"page","link":"https:\/\/independent-federation.ch\/it\/collaborer\/garanzie-fsci\/","title":{"rendered":"Garanzie FSCI"},"content":{"rendered":"\n<p>L&#8217;obiettivo della nostra Federazione \u00e8 quello di garantire che il valore aggiunto dei consulenti indipendenti all&#8217;economia svizzera in generale, e a ciascuna organizzazione cliente in particolare, sia affidabile e sostenibile.<\/p>\n\n<p>Nominando un membro attivo della nostra Federazione, potrai beneficiare delle seguenti garanzie:<\/p>\n\n<p><\/p>\n\n<ul class=\"wp-block-list\">\n<li>I nostri membri sono <strong>professionisti impegnati<\/strong> che hanno sottoscritto il nostro<a href=\"https:\/\/docs.google.com\/document\/d\/1m_Kpp5fSluWdYK4Bo8CuSdOamxenu1ODB86Bz-DMHPo\/edit?usp=sharing\"> Codice<\/a> di Condotta, che li obbliga ad aderire ad un&#8217;<strong>etica e a standard ineccepibili<\/strong>: niente pi\u00f9 sorprese spiacevoli!<\/li>\n<\/ul>\n\n<p><\/p>\n\n<ul class=\"wp-block-list\">\n<li>La nostra Federazione <strong>controlla regolarmente i suoi membri<\/strong> <a href=\"https:\/\/independent-federation.ch\/it\/membri-confermati\/\" data-type=\"page\" data-id=\"325\">confermati<\/a> e <a href=\"https:\/\/independent-federation.ch\/it\/membri-certificati\/\" data-type=\"page\" data-id=\"323\">certificati<\/a>: ogni anno di anzianit\u00e0 all&#8217;interno della nostra Federazione \u00e8 una garanzia in pi\u00f9 per la tua organizzazione.<\/li>\n<\/ul>\n\n<p><\/p>\n\n<ul class=\"wp-block-list\">\n<li>La nostra Federazione \u00e8 la tua istituzione di riferimento ufficiale e permanente: se hai il minimo problema con uno dei tuoi fornitori di servizi, <a href=\"https:\/\/independent-federation.ch\/it\/contatto\/\" data-type=\"page\" data-id=\"23\">contattaci<\/a> e <strong>troveremo soluzioni pragmatiche per garantire il tuo successo<\/strong>.<\/li>\n<\/ul>\n\n<figure class=\"wp-block-image size-large\"><img fetchpriority=\"high\" decoding=\"async\" width=\"1024\" height=\"753\" src=\"https:\/\/independent-federation.ch\/wp-content\/uploads\/2024\/06\/image-99-1024x753.png\" alt=\"\" class=\"wp-image-792\" srcset=\"https:\/\/independent-federation.ch\/wp-content\/uploads\/2024\/06\/image-99-1024x753.png 1024w, https:\/\/independent-federation.ch\/wp-content\/uploads\/2024\/06\/image-99-300x220.png 300w, https:\/\/independent-federation.ch\/wp-content\/uploads\/2024\/06\/image-99-768x564.png 768w, https:\/\/independent-federation.ch\/wp-content\/uploads\/2024\/06\/image-99.png 1143w\" sizes=\"(max-width: 1024px) 100vw, 1024px\" \/><\/figure>\n","protected":false},"excerpt":{"rendered":"<p>L&#8217;obiettivo della nostra Federazione \u00e8 quello di garantire che il valore aggiunto dei consulenti indipendenti all&#8217;economia svizzera in generale, e a ciascuna organizzazione cliente in particolare, sia affidabile e sostenibile. Nominando un membro attivo della nostra Federazione, potrai beneficiare delle seguenti garanzie:<\/p>\n","protected":false},"author":1,"featured_media":0,"parent":557,"menu_order":0,"comment_status":"closed","ping_status":"closed","template":"","meta":{"_acf_changed":false,"footnotes":""},"class_list":["post-582","page","type-page","status-publish","hentry"],"acf":[],"_links":{"self":[{"href":"https:\/\/independent-federation.ch\/it\/wp-json\/wp\/v2\/pages\/582","targetHints":{"allow":["GET"]}}],"collection":[{"href":"https:\/\/independent-federation.ch\/it\/wp-json\/wp\/v2\/pages"}],"about":[{"href":"https:\/\/independent-federation.ch\/it\/wp-json\/wp\/v2\/types\/page"}],"author":[{"embeddable":true,"href":"https:\/\/independent-federation.ch\/it\/wp-json\/wp\/v2\/users\/1"}],"replies":[{"embeddable":true,"href":"https:\/\/independent-federation.ch\/it\/wp-json\/wp\/v2\/comments?post=582"}],"version-history":[{"count":2,"href":"https:\/\/independent-federation.ch\/it\/wp-json\/wp\/v2\/pages\/582\/revisions"}],"predecessor-version":[{"id":945,"href":"https:\/\/independent-federation.ch\/it\/wp-json\/wp\/v2\/pages\/582\/revisions\/945"}],"up":[{"embeddable":true,"href":"https:\/\/independent-federation.ch\/it\/wp-json\/wp\/v2\/pages\/557"}],"wp:attachment":[{"href":"https:\/\/independent-federation.ch\/it\/wp-json\/wp\/v2\/media?parent=582"}],"curies":[{"name":"wp","href":"https:\/\/api.w.org\/{rel}","templated":true}]}}